{"id":107,"date":"2021-12-27T22:20:46","date_gmt":"2021-12-27T22:20:46","guid":{"rendered":"https:\/\/caucasustravel.am\/?page_id=107"},"modified":"2024-02-26T17:45:12","modified_gmt":"2024-02-26T17:45:12","slug":"acerca-de-nosotros","status":"publish","type":"page","link":"https:\/\/caucasustravel.am\/?page_id=107&lang=es","title":{"rendered":"Sobre Nosotros"},"content":{"rendered":"<p><img loading=\"lazy\" decoding=\"async\" class=\"alignnone size-full wp-image-751\" src=\"http:\/\/caucasustravel.am\/wp-content\/uploads\/2022\/02\/Webp.net-compress-image-2-1.jpg\" alt=\"\" width=\"1855\" height=\"1236\" srcset=\"https:\/\/caucasustravel.am\/wp-content\/uploads\/2022\/02\/Webp.net-compress-image-2-1.jpg 1855w, https:\/\/caucasustravel.am\/wp-content\/uploads\/2022\/02\/Webp.net-compress-image-2-1-300x200.jpg 300w, https:\/\/caucasustravel.am\/wp-content\/uploads\/2022\/02\/Webp.net-compress-image-2-1-1024x682.jpg 1024w, https:\/\/caucasustravel.am\/wp-content\/uploads\/2022\/02\/Webp.net-compress-image-2-1-768x512.jpg 768w, https:\/\/caucasustravel.am\/wp-content\/uploads\/2022\/02\/Webp.net-compress-image-2-1-1536x1023.jpg 1536w\" sizes=\"auto, (max-width: 1855px) 100vw, 1855px\" \/><\/p>\n<h2>Sobre Caucasus Travel<\/h2>\n<div>\n<p>Caucasus Travel tiene como objetivo cumplir con su misi\u00f3n de ofrecer circuitos tur\u00edsticos con el mejor valor y servicios profesionales de alta calidad en Armenia y en el C\u00e1ucaso. Siempre estamos en busca de nuevas experiencias para nuestros clientes no solo mejorando nuestros circuitos grupales sino tambi\u00e9n creando viajes personalizados para satisfacer necesidades e intereses espec\u00edficos.<\/p>\n<\/div>\n<div>\n<div>\n<p><span lang=\"ES\">Especializados en viajes culturales, hist\u00f3ricos y de aventura tanto para los grupos como para los individuales, ofrecemos un servicio completo altamente personalizado cuidando los peque\u00f1os detalles para asegurar que sus vacaciones sean inolvidables. <\/span><\/p>\n<\/div>\n<div>\n<p><span lang=\"ES\">El entusiasmo y la profesionalidad de nuestro personal le dar\u00e1 la oportunidad de conectarse \u00edntimamente con la tierra, con el estilo de vida y con la gente de Armenia, sentir la calidez y la hospitalidad de los armenios y todo esto combinado con los m\u00e1s altos est\u00e1ndares de calidad.<\/span><\/p>\n<\/div>\n<div>\n<p><span lang=\"ES\">Estamos apasionados por nuestro pa\u00eds, por sus impresionantes paisajes, por su rica cultura e historia, lo que nos hace sentir a\u00fan m\u00e1s entusiasmados con nuestra misi\u00f3n y ayuda a alcanzar un \u00e9xito sin precedentes en el descubrimiento de los magn\u00edficos tesoros de Armenia al mundo entero.<\/span><\/p>\n<\/div>\n<\/div>\n","protected":false},"excerpt":{"rendered":"<p>Sobre Caucasus Travel Caucasus Travel tiene como objetivo cumplir con su misi\u00f3n de ofrecer circuitos tur\u00edsticos con el mejor valor y servicios profesionales de alta calidad en Armenia y en el C\u00e1ucaso. Siempre estamos en busca de nuevas experiencias para nuestros clientes no solo mejorando nuestros circuitos grupales sino tambi\u00e9n creando viajes personalizados para satisfacer [&hellip;]<\/p>\n","protected":false},"author":1,"featured_media":976,"parent":0,"menu_order":0,"comment_status":"closed","ping_status":"closed","template":"about.php","meta":{"_acf_changed":false,"footnotes":""},"class_list":["post-107","page","type-page","status-publish","has-post-thumbnail","hentry"],"acf":[],"_links":{"self":[{"href":"https:\/\/caucasustravel.am\/index.php?rest_route=\/wp\/v2\/pages\/107","targetHints":{"allow":["GET"]}}],"collection":[{"href":"https:\/\/caucasustravel.am\/index.php?rest_route=\/wp\/v2\/pages"}],"about":[{"href":"https:\/\/caucasustravel.am\/index.php?rest_route=\/wp\/v2\/types\/page"}],"author":[{"embeddable":true,"href":"https:\/\/caucasustravel.am\/index.php?rest_route=\/wp\/v2\/users\/1"}],"replies":[{"embeddable":true,"href":"https:\/\/caucasustravel.am\/index.php?rest_route=%2Fwp%2Fv2%2Fcomments&post=107"}],"version-history":[{"count":12,"href":"https:\/\/caucasustravel.am\/index.php?rest_route=\/wp\/v2\/pages\/107\/revisions"}],"predecessor-version":[{"id":1396,"href":"https:\/\/caucasustravel.am\/index.php?rest_route=\/wp\/v2\/pages\/107\/revisions\/1396"}],"wp:featuredmedia":[{"embeddable":true,"href":"https:\/\/caucasustravel.am\/index.php?rest_route=\/wp\/v2\/media\/976"}],"wp:attachment":[{"href":"https:\/\/caucasustravel.am\/index.php?rest_route=%2Fwp%2Fv2%2Fmedia&parent=107"}],"curies":[{"name":"wp","href":"https:\/\/api.w.org\/{rel}","templated":true}]}}