{"id":109,"date":"2021-12-27T22:21:17","date_gmt":"2021-12-27T22:21:17","guid":{"rendered":"https:\/\/caucasustravel.am\/?page_id=109"},"modified":"2024-02-26T17:45:27","modified_gmt":"2024-02-26T17:45:27","slug":"sobre-nos","status":"publish","type":"page","link":"https:\/\/caucasustravel.am\/?page_id=109&lang=pt","title":{"rendered":"Sobre N\u00f3s"},"content":{"rendered":"<p><img loading=\"lazy\" decoding=\"async\" class=\"alignnone size-full wp-image-751\" src=\"http:\/\/caucasustravel.am\/wp-content\/uploads\/2022\/02\/Webp.net-compress-image-2-1.jpg\" alt=\"\" width=\"1855\" height=\"1236\" srcset=\"https:\/\/caucasustravel.am\/wp-content\/uploads\/2022\/02\/Webp.net-compress-image-2-1.jpg 1855w, https:\/\/caucasustravel.am\/wp-content\/uploads\/2022\/02\/Webp.net-compress-image-2-1-300x200.jpg 300w, https:\/\/caucasustravel.am\/wp-content\/uploads\/2022\/02\/Webp.net-compress-image-2-1-1024x682.jpg 1024w, https:\/\/caucasustravel.am\/wp-content\/uploads\/2022\/02\/Webp.net-compress-image-2-1-768x512.jpg 768w, https:\/\/caucasustravel.am\/wp-content\/uploads\/2022\/02\/Webp.net-compress-image-2-1-1536x1023.jpg 1536w\" sizes=\"auto, (max-width: 1855px) 100vw, 1855px\" \/><\/p>\n<h2>Sobre Caucasus Travel<\/h2>\n<div>\n<p><span lang=\"PT\">Caucasus Travel tem como objetivo cumprir a sua miss\u00e3o de oferecer circuitos tur\u00edsticos com os melhores pre\u00e7os e servi\u00e7os profissionais de alta qualidade na Arm\u00e9nia e no C\u00e1ucaso. Estamos sempre em busca de novas experi\u00eancias para os nossos clientes, n\u00e3o s\u00f3 melhorando os nossos passeios em grupo, mas tamb\u00e9m criando viagens personalizadas para atender \u00e0s necessidades e interesses espec\u00edficos.<\/span><\/p>\n<\/div>\n<div>\n<p><span lang=\"PT\">Especializados em viagens culturais, hist\u00f3ricas e de aventura tanto para grupos quanto individuais, oferecemos um servi\u00e7o completo e altamente personalizado cuidando dos m\u00ednimos detalhes para que as suas f\u00e9rias sejam inesquec\u00edveis.<\/span><\/p>\n<\/div>\n<div>\n<p><span lang=\"PT\">O entusiasmo e profissionalismo da nossa equipe lhe dar\u00e1 a oportunidade de se conectar intimamente com a terra, com o estilo de vida e com o povo da Arm\u00e9nia, sentir o calor e a hospitalidade dos arm\u00e9nios e tudo isso combinado com os mais altos padr\u00f5es de qualidade.<\/span><\/p>\n<\/div>\n<div>\n<p><span lang=\"PT\">Somos apaixonados pelo nosso pa\u00eds, pelas suas paisagens deslumbrantes, pela sua rica cultura e hist\u00f3ria, que nos deixa ainda mais entusiasmados com a nossa miss\u00e3o e nos ajuda a alcan\u00e7ar um sucesso sem precedentes na descoberta dos magn\u00edficos tesouros da Arm\u00e9nia para o mundo inteiro.<\/span><\/p>\n<\/div>\n","protected":false},"excerpt":{"rendered":"<p>Sobre Caucasus Travel Caucasus Travel tem como objetivo cumprir a sua miss\u00e3o de oferecer circuitos tur\u00edsticos com os melhores pre\u00e7os e servi\u00e7os profissionais de alta qualidade na Arm\u00e9nia e no C\u00e1ucaso. Estamos sempre em busca de novas experi\u00eancias para os nossos clientes, n\u00e3o s\u00f3 melhorando os nossos passeios em grupo, mas tamb\u00e9m criando viagens personalizadas [&hellip;]<\/p>\n","protected":false},"author":1,"featured_media":978,"parent":0,"menu_order":0,"comment_status":"closed","ping_status":"closed","template":"about.php","meta":{"_acf_changed":false,"footnotes":""},"class_list":["post-109","page","type-page","status-publish","has-post-thumbnail","hentry"],"acf":[],"_links":{"self":[{"href":"https:\/\/caucasustravel.am\/index.php?rest_route=\/wp\/v2\/pages\/109","targetHints":{"allow":["GET"]}}],"collection":[{"href":"https:\/\/caucasustravel.am\/index.php?rest_route=\/wp\/v2\/pages"}],"about":[{"href":"https:\/\/caucasustravel.am\/index.php?rest_route=\/wp\/v2\/types\/page"}],"author":[{"embeddable":true,"href":"https:\/\/caucasustravel.am\/index.php?rest_route=\/wp\/v2\/users\/1"}],"replies":[{"embeddable":true,"href":"https:\/\/caucasustravel.am\/index.php?rest_route=%2Fwp%2Fv2%2Fcomments&post=109"}],"version-history":[{"count":7,"href":"https:\/\/caucasustravel.am\/index.php?rest_route=\/wp\/v2\/pages\/109\/revisions"}],"predecessor-version":[{"id":1397,"href":"https:\/\/caucasustravel.am\/index.php?rest_route=\/wp\/v2\/pages\/109\/revisions\/1397"}],"wp:featuredmedia":[{"embeddable":true,"href":"https:\/\/caucasustravel.am\/index.php?rest_route=\/wp\/v2\/media\/978"}],"wp:attachment":[{"href":"https:\/\/caucasustravel.am\/index.php?rest_route=%2Fwp%2Fv2%2Fmedia&parent=109"}],"curies":[{"name":"wp","href":"https:\/\/api.w.org\/{rel}","templated":true}]}}