{"id":1374,"date":"2022-09-11T10:37:55","date_gmt":"2022-09-11T10:37:55","guid":{"rendered":"https:\/\/caucasustravel.am\/?page_id=1374"},"modified":"2022-09-11T11:58:01","modified_gmt":"2022-09-11T11:58:01","slug":"covidinfopt","status":"publish","type":"page","link":"https:\/\/caucasustravel.am\/?page_id=1374&lang=pt","title":{"rendered":"Covid-19: Informa\u00e7\u00e3o de viagem"},"content":{"rendered":"<p>Altera\u00e7\u00f5es no procedimento de entrada na Rep\u00fablica da Arm\u00eania<\/p>\n<p>De acordo com as altera\u00e7\u00f5es do Decreto do Governo: \u2116 1514-N de 11 de setembro de 2020, que entrou em vigor em 1 de maio de 2022:<\/p>\n<p>Os passageiros N\u00c3O PRECISAM MAIS apresentar um teste PCR COVID-19 ou um Certificado de vacina\u00e7\u00e3o completa contra COVID-19 para entrar na Rep\u00fablica da Arm\u00eania.<\/p>\n<p>Para os estrangeiros, a entrada na Rep\u00fablica da Arm\u00eania continua aberta tanto por meio de fronteiras a\u00e9reas quanto terrestres.<\/p>\n<p>A quarentena no territ\u00f3rio da Rep\u00fablica da Arm\u00eania devido ao COVID-19 foi estendida at\u00e9 20 de junho de 2022.<\/p>\n","protected":false},"excerpt":{"rendered":"<p>Altera\u00e7\u00f5es no procedimento de entrada na Rep\u00fablica da Arm\u00eania De acordo com as altera\u00e7\u00f5es do Decreto do Governo: \u2116 1514-N de 11 de setembro de 2020, que entrou em vigor em 1 de maio de 2022: Os passageiros N\u00c3O PRECISAM MAIS apresentar um teste PCR COVID-19 ou um Certificado de vacina\u00e7\u00e3o completa contra COVID-19 para [&hellip;]<\/p>\n","protected":false},"author":1,"featured_media":0,"parent":0,"menu_order":0,"comment_status":"closed","ping_status":"closed","template":"","meta":{"_acf_changed":false,"footnotes":""},"class_list":["post-1374","page","type-page","status-publish","hentry"],"acf":[],"_links":{"self":[{"href":"https:\/\/caucasustravel.am\/index.php?rest_route=\/wp\/v2\/pages\/1374","targetHints":{"allow":["GET"]}}],"collection":[{"href":"https:\/\/caucasustravel.am\/index.php?rest_route=\/wp\/v2\/pages"}],"about":[{"href":"https:\/\/caucasustravel.am\/index.php?rest_route=\/wp\/v2\/types\/page"}],"author":[{"embeddable":true,"href":"https:\/\/caucasustravel.am\/index.php?rest_route=\/wp\/v2\/users\/1"}],"replies":[{"embeddable":true,"href":"https:\/\/caucasustravel.am\/index.php?rest_route=%2Fwp%2Fv2%2Fcomments&post=1374"}],"version-history":[{"count":5,"href":"https:\/\/caucasustravel.am\/index.php?rest_route=\/wp\/v2\/pages\/1374\/revisions"}],"predecessor-version":[{"id":1388,"href":"https:\/\/caucasustravel.am\/index.php?rest_route=\/wp\/v2\/pages\/1374\/revisions\/1388"}],"wp:attachment":[{"href":"https:\/\/caucasustravel.am\/index.php?rest_route=%2Fwp%2Fv2%2Fmedia&parent=1374"}],"curies":[{"name":"wp","href":"https:\/\/api.w.org\/{rel}","templated":true}]}}